{"id":1153,"date":"2023-06-08T14:29:18","date_gmt":"2023-06-08T12:29:18","guid":{"rendered":"https:\/\/www.forteunited.com\/smalle-header-template\/"},"modified":"2024-04-29T14:22:37","modified_gmt":"2024-04-29T12:22:37","slug":"recrutare-internationala","status":"publish","type":"page","link":"https:\/\/www.forteunited.com\/ro\/recrutare-internationala\/","title":{"rendered":"Recrutare Internationala"},"content":{"rendered":"\n<section class=\"image-text wp-block alignfull image-text--image-left\" id=\"cinesuntem\">\n\t<div class=\"row align-middle\">\n        \t\t\t<div class=\"column small-12 large-6 image-text__text-col\">\n\t            <div class=\"px-l\">\n\t\t\t\t\t\t\t\t\t\t\t<h2 class=\"image-text__title\">Cine Suntem? <\/h2>\n\t\t\t\t\t\t\t\t\t\t\t\t\t\t\t\t<div class=\"image-text__text fs-large\">\n\t\t\t\t\t\t\t<div>Lucr\u0103m exclusiv \u00een domeniul Tehnic, astfel c\u0103 suntem bine informa\u021bi cu privire la evolu\u021biile din domeniul t\u0103u de activitate.<\/div>\n<div>Succesul nostru se datoreaz\u0103 vastei noastre re\u021bele din cadrul UE \u0219i know-how-ului nostru \u00een materie de International Recruitment. Cu peste 20 de ani de experien\u021b\u0103 \u00een acest sector, \u0219tim mai bine dec\u00e2t oricine ce este important. \u00cencepem, desigur, prin a-\u021bi g\u0103si un loc de munc\u0103 potrivit. \u00cens\u0103, condi\u021biile bune de trai de aici, din \u021a\u0103rile de Jos, \u0219i posibilitatea de a progresa sunt cel pu\u021bin la fel de importante. Iar noi asigur\u0103m acest lucru. Un serviciu captivant, condi\u021bii de munc\u0103 excelente \u0219i \u00eendrumare intensiv\u0103.<\/div>\n<p>&nbsp;<\/p>\n\t\t\t\t\t\t<\/div>\n\t\t\t\t\t\t\t\t\t\t\t\t\t\t<\/div>\n\t\t\t<\/div>\n\t\t\t\t\t\t\t<div class=\"column small-12 large-6 image-text__image-col\">\n\t\t\t\t<img class=\"image-text__image lazyload\" data-src=\"https:\/\/www.forteunited.com\/wp-content\/uploads\/2024\/02\/iStock-1339272259-1024x768.jpg\" title=\"Industrial engineer worker in white hard hat working with production machinery in the factory\" alt=\"\" \/>\n\t\t\t<\/div>\n\t\t    <\/div>\n<\/section>\n\n\n<section class=\"image-text wp-block alignfull image-text--image-right\" id=\"text-image-block_db70faa8cb107ac8ee9f4a37cf3df770\">\n\t<div class=\"row align-middle\">\n        \t\t\t<div class=\"column small-12 large-6 image-text__text-col\">\n\t            <div class=\"px-l\">\n\t\t\t\t\t\t\t\t\t\t\t<h2 class=\"image-text__title\">\u00ceN \u021a\u0102RILE DE JOS<\/h2>\n\t\t\t\t\t\t\t\t\t\t\t\t\t\t\t\t<div class=\"image-text__text fs-large\">\n\t\t\t\t\t\t\t<p>\u00cen acest moment e\u0219ti pe punctul de a-\u021bi p\u0103r\u0103si \u021bara pentru un loc de munc\u0103 \u00een \u021a\u0103rile de Jos. \u0218tim c\u0103 acest lucru este pentru tine un pas emo\u021bionant \u0219i c\u0103 sunt multe lucruri care trebuie avute \u00een vedere. Din fericire, avem mult\u0103 experien\u021b\u0103 \u00een intermedierea \u0219i \u00eendrumarea angaja\u021bilor \u00een cadrul UE. Facem toate eforturile pentru ca \u0219ederea ta \u00een \u021a\u0103rile de Jos s\u0103 fie una pl\u0103cut\u0103 \u0219i c\u00e2t se poate de satisf\u0103c\u0103toare. Iat\u0103 pe ce po\u021bi conta, \u00een orice caz:<\/p>\n<ul>\n<li>Condi\u021bii bune de trai<\/li>\n<li>O locuin\u021b\u0103 decent\u0103, certificat\u0103.<\/li>\n<li>Asigurare de s\u0103n\u0103tate.<\/li>\n<li>Plata s\u0103pt\u0103m\u00e2nal\u0103 a salariului, \u00een conformitate cu legisla\u021bia \u0219i reglement\u0103rile din \u021a\u0103rile de Jos.<\/li>\n<li>O indemniza\u021bie adecvat\u0103 pentru cheltuieli.<\/li>\n<li>Consiliere oferit\u0103 (p\u00e2n\u0103) la locul de desf\u0103\u0219urare a activit\u0103\u021bii.<\/li>\n<li>Oportunit\u0103\u021bi de formare.<\/li>\n<li>Asisten\u021b\u0103 \u00een chestiuni practice.<\/li>\n<\/ul>\n<p>Poate mai sunt \u00eentreb\u0103ri. Face\u021bi <a href=\"https:\/\/www.forteunited.com\/ro\/contact\/\">clic<\/a> aici\u00a0pentru a adresa \u00eentrebarea.<\/p>\n\t\t\t\t\t\t<\/div>\n\t\t\t\t\t\t\t\t\t\t\t\t\t\t<\/div>\n\t\t\t<\/div>\n\t\t\t\t\t\t\t<div class=\"column small-12 large-6 image-text__image-col\">\n\t\t\t\t<img class=\"image-text__image lazyload\" data-src=\"https:\/\/www.forteunited.com\/wp-content\/uploads\/2024\/02\/iStock-1464155198-1024x768.jpg\" title=\"Cityscape of Amsterdam, Holland\" alt=\"\" \/>\n\t\t\t<\/div>\n\t\t    <\/div>\n<\/section>","protected":false},"excerpt":{"rendered":"","protected":false},"author":1,"featured_media":1155,"parent":0,"menu_order":0,"comment_status":"closed","ping_status":"closed","template":"page-templates\/small-header-text.php","meta":{"_acf_changed":false,"footnotes":""},"class_list":["post-1153","page","type-page","status-publish","has-post-thumbnail","hentry"],"acf":[],"yoast_head":"<!-- This site is optimized with the Yoast SEO plugin v27.4 - https:\/\/yoast.com\/product\/yoast-seo-wordpress\/ -->\n<title>Recrutare Internationala - Forte United<\/title>\n<meta name=\"robots\" content=\"index, follow, max-snippet:-1, max-image-preview:large, max-video-preview:-1\" \/>\n<link rel=\"canonical\" href=\"https:\/\/www.forteunited.com\/ro\/recrutare-internationala\/\" \/>\n<meta property=\"og:locale\" content=\"ro_RO\" \/>\n<meta property=\"og:type\" content=\"article\" \/>\n<meta property=\"og:title\" content=\"Recrutare Internationala - Forte United\" \/>\n<meta property=\"og:url\" content=\"https:\/\/www.forteunited.com\/ro\/recrutare-internationala\/\" \/>\n<meta property=\"og:site_name\" content=\"Forte United\" \/>\n<meta property=\"article:modified_time\" content=\"2024-04-29T12:22:37+00:00\" \/>\n<meta property=\"og:image\" content=\"https:\/\/www.forteunited.com\/wp-content\/uploads\/2024\/01\/istockphoto-495346590-1024x1024-1.jpg\" \/>\n\t<meta property=\"og:image:width\" content=\"1024\" \/>\n\t<meta property=\"og:image:height\" content=\"683\" \/>\n\t<meta property=\"og:image:type\" content=\"image\/jpeg\" \/>\n<meta name=\"twitter:card\" content=\"summary_large_image\" \/>\n<meta name=\"twitter:label1\" content=\"Timp estimat pentru citire\" \/>\n\t<meta name=\"twitter:data1\" content=\"1 minut\" \/>\n<script type=\"application\/ld+json\" class=\"yoast-schema-graph\">{\"@context\":\"https:\\\/\\\/schema.org\",\"@graph\":[{\"@type\":\"WebPage\",\"@id\":\"https:\\\/\\\/www.forteunited.com\\\/ro\\\/recrutare-internationala\\\/\",\"url\":\"https:\\\/\\\/www.forteunited.com\\\/ro\\\/recrutare-internationala\\\/\",\"name\":\"Recrutare Internationala - Forte United\",\"isPartOf\":{\"@id\":\"https:\\\/\\\/www.forteunited.com\\\/#website\"},\"primaryImageOfPage\":{\"@id\":\"https:\\\/\\\/www.forteunited.com\\\/ro\\\/recrutare-internationala\\\/#primaryimage\"},\"image\":{\"@id\":\"https:\\\/\\\/www.forteunited.com\\\/ro\\\/recrutare-internationala\\\/#primaryimage\"},\"thumbnailUrl\":\"https:\\\/\\\/www.forteunited.com\\\/wp-content\\\/uploads\\\/2024\\\/01\\\/istockphoto-495346590-1024x1024-1.jpg\",\"datePublished\":\"2023-06-08T12:29:18+00:00\",\"dateModified\":\"2024-04-29T12:22:37+00:00\",\"breadcrumb\":{\"@id\":\"https:\\\/\\\/www.forteunited.com\\\/ro\\\/recrutare-internationala\\\/#breadcrumb\"},\"inLanguage\":\"ro-RO\",\"potentialAction\":[{\"@type\":\"ReadAction\",\"target\":[\"https:\\\/\\\/www.forteunited.com\\\/ro\\\/recrutare-internationala\\\/\"]}]},{\"@type\":\"ImageObject\",\"inLanguage\":\"ro-RO\",\"@id\":\"https:\\\/\\\/www.forteunited.com\\\/ro\\\/recrutare-internationala\\\/#primaryimage\",\"url\":\"https:\\\/\\\/www.forteunited.com\\\/wp-content\\\/uploads\\\/2024\\\/01\\\/istockphoto-495346590-1024x1024-1.jpg\",\"contentUrl\":\"https:\\\/\\\/www.forteunited.com\\\/wp-content\\\/uploads\\\/2024\\\/01\\\/istockphoto-495346590-1024x1024-1.jpg\",\"width\":\"1024\",\"height\":\"683\",\"caption\":\"metalworking industry. tooth gear cogwheel machining by cutting mill tool.\"},{\"@type\":\"BreadcrumbList\",\"@id\":\"https:\\\/\\\/www.forteunited.com\\\/ro\\\/recrutare-internationala\\\/#breadcrumb\",\"itemListElement\":[{\"@type\":\"ListItem\",\"position\":1,\"name\":\"Home\",\"item\":\"https:\\\/\\\/www.forteunited.com\\\/ro\\\/\"},{\"@type\":\"ListItem\",\"position\":2,\"name\":\"Recrutare Internationala\"}]},{\"@type\":\"WebSite\",\"@id\":\"https:\\\/\\\/www.forteunited.com\\\/#website\",\"url\":\"https:\\\/\\\/www.forteunited.com\\\/\",\"name\":\"Forte United\",\"description\":\"\",\"potentialAction\":[{\"@type\":\"SearchAction\",\"target\":{\"@type\":\"EntryPoint\",\"urlTemplate\":\"https:\\\/\\\/www.forteunited.com\\\/?s={search_term_string}\"},\"query-input\":{\"@type\":\"PropertyValueSpecification\",\"valueRequired\":true,\"valueName\":\"search_term_string\"}}],\"inLanguage\":\"ro-RO\"}]}<\/script>\n<!-- \/ Yoast SEO plugin. -->","yoast_head_json":{"title":"Recrutare Internationala - Forte United","robots":{"index":"index","follow":"follow","max-snippet":"max-snippet:-1","max-image-preview":"max-image-preview:large","max-video-preview":"max-video-preview:-1"},"canonical":"https:\/\/www.forteunited.com\/ro\/recrutare-internationala\/","og_locale":"ro_RO","og_type":"article","og_title":"Recrutare Internationala - Forte United","og_url":"https:\/\/www.forteunited.com\/ro\/recrutare-internationala\/","og_site_name":"Forte United","article_modified_time":"2024-04-29T12:22:37+00:00","og_image":[{"width":1024,"height":683,"url":"https:\/\/www.forteunited.com\/wp-content\/uploads\/2024\/01\/istockphoto-495346590-1024x1024-1.jpg","type":"image\/jpeg"}],"twitter_card":"summary_large_image","twitter_misc":{"Timp estimat pentru citire":"1 minut"},"schema":{"@context":"https:\/\/schema.org","@graph":[{"@type":"WebPage","@id":"https:\/\/www.forteunited.com\/ro\/recrutare-internationala\/","url":"https:\/\/www.forteunited.com\/ro\/recrutare-internationala\/","name":"Recrutare Internationala - Forte United","isPartOf":{"@id":"https:\/\/www.forteunited.com\/#website"},"primaryImageOfPage":{"@id":"https:\/\/www.forteunited.com\/ro\/recrutare-internationala\/#primaryimage"},"image":{"@id":"https:\/\/www.forteunited.com\/ro\/recrutare-internationala\/#primaryimage"},"thumbnailUrl":"https:\/\/www.forteunited.com\/wp-content\/uploads\/2024\/01\/istockphoto-495346590-1024x1024-1.jpg","datePublished":"2023-06-08T12:29:18+00:00","dateModified":"2024-04-29T12:22:37+00:00","breadcrumb":{"@id":"https:\/\/www.forteunited.com\/ro\/recrutare-internationala\/#breadcrumb"},"inLanguage":"ro-RO","potentialAction":[{"@type":"ReadAction","target":["https:\/\/www.forteunited.com\/ro\/recrutare-internationala\/"]}]},{"@type":"ImageObject","inLanguage":"ro-RO","@id":"https:\/\/www.forteunited.com\/ro\/recrutare-internationala\/#primaryimage","url":"https:\/\/www.forteunited.com\/wp-content\/uploads\/2024\/01\/istockphoto-495346590-1024x1024-1.jpg","contentUrl":"https:\/\/www.forteunited.com\/wp-content\/uploads\/2024\/01\/istockphoto-495346590-1024x1024-1.jpg","width":"1024","height":"683","caption":"metalworking industry. tooth gear cogwheel machining by cutting mill tool."},{"@type":"BreadcrumbList","@id":"https:\/\/www.forteunited.com\/ro\/recrutare-internationala\/#breadcrumb","itemListElement":[{"@type":"ListItem","position":1,"name":"Home","item":"https:\/\/www.forteunited.com\/ro\/"},{"@type":"ListItem","position":2,"name":"Recrutare Internationala"}]},{"@type":"WebSite","@id":"https:\/\/www.forteunited.com\/#website","url":"https:\/\/www.forteunited.com\/","name":"Forte United","description":"","potentialAction":[{"@type":"SearchAction","target":{"@type":"EntryPoint","urlTemplate":"https:\/\/www.forteunited.com\/?s={search_term_string}"},"query-input":{"@type":"PropertyValueSpecification","valueRequired":true,"valueName":"search_term_string"}}],"inLanguage":"ro-RO"}]}},"_links":{"self":[{"href":"https:\/\/www.forteunited.com\/ro\/wp-json\/wp\/v2\/pages\/1153","targetHints":{"allow":["GET"]}}],"collection":[{"href":"https:\/\/www.forteunited.com\/ro\/wp-json\/wp\/v2\/pages"}],"about":[{"href":"https:\/\/www.forteunited.com\/ro\/wp-json\/wp\/v2\/types\/page"}],"author":[{"embeddable":true,"href":"https:\/\/www.forteunited.com\/ro\/wp-json\/wp\/v2\/users\/1"}],"replies":[{"embeddable":true,"href":"https:\/\/www.forteunited.com\/ro\/wp-json\/wp\/v2\/comments?post=1153"}],"version-history":[{"count":3,"href":"https:\/\/www.forteunited.com\/ro\/wp-json\/wp\/v2\/pages\/1153\/revisions"}],"predecessor-version":[{"id":1388,"href":"https:\/\/www.forteunited.com\/ro\/wp-json\/wp\/v2\/pages\/1153\/revisions\/1388"}],"wp:featuredmedia":[{"embeddable":true,"href":"https:\/\/www.forteunited.com\/ro\/wp-json\/wp\/v2\/media\/1155"}],"wp:attachment":[{"href":"https:\/\/www.forteunited.com\/ro\/wp-json\/wp\/v2\/media?parent=1153"}],"curies":[{"name":"wp","href":"https:\/\/api.w.org\/{rel}","templated":true}]}}